{"id":162,"date":"2019-10-22T12:39:35","date_gmt":"2019-10-22T14:39:35","guid":{"rendered":"http:\/\/periciajudicial.zsistemas.com.br\/?page_id=162"},"modified":"2019-10-22T12:46:37","modified_gmt":"2019-10-22T14:46:37","slug":"professor-ministrante-perito-agenor-zapparoli","status":"publish","type":"page","link":"https:\/\/periciajudicial.zsistemas.com.br\/index.php\/professor-ministrante-perito-agenor-zapparoli\/","title":{"rendered":"Professor Ministrante &#8211; Perito Agenor Zapparoli"},"content":{"rendered":"\n<div class=\"wp-block-image\"><figure class=\"alignleft is-resized\"><img loading=\"lazy\" decoding=\"async\" src=\"http:\/\/periciajudicial.zsistemas.com.br\/wp-content\/uploads\/2019\/10\/Agenor.jpg\" alt=\"\" class=\"wp-image-164\" width=\"318\" height=\"478\"\/><\/figure><\/div>\n\n\n\n<p><strong>\u00c1reas de Forma\u00e7\u00e3o:<\/strong><\/p>\n\n\n\n<p>Engenheiro de Controle e Automa\u00e7\u00e3o (2006) e Engenheiro Eletricista (2009) com habilita\u00e7\u00e3o em eletr\u00f4nica, pot\u00eancia e telecomunica\u00e7\u00f5es. Cursou 7\u00ba per\u00edodo de Engenharia Civil e 4\u00ba per\u00edodo de Direito.<\/p>\n\n\n\n<p><strong>Telefones de contato:<\/strong><\/p>\n\n\n\n<p>(34) 99194-6909<\/p>\n\n\n\n<p><strong>E-mail:<\/strong><\/p>\n\n\n\n<p><a href=\"mailto:agenor@zsistemas.com.br\">agenor@zsistemas.com.br<\/a><\/p>\n\n\n\n<p><strong>Facebook:<\/strong>&nbsp;<\/p>\n\n\n\n<p><a href=\"http:\/\/www.facebook.com\/people\/Agenor-Zapparoli\/100002514508865\">Agenor-Zapparoli\/100002514508865<\/a><\/p>\n\n\n\n<div style=\"height:28px\" aria-hidden=\"true\" class=\"wp-block-spacer\"><\/div>\n\n\n\n<p><strong>Mini-curr\u00edculo<\/strong><\/p>\n\n\n\n<p>Profissional com grande experi\u00eancia na \u00e1rea da inform\u00e1tica (Hardware e Software) em geral desde 1995, sendo t\u00e9cnico em Hardware,&nbsp;suporte de inform\u00e1tica e redes, administra\u00e7\u00e3o de redes e servidores (Windows e Linux), desenvolvimento de programas (Delphi, Pascal, C, C++, HTML, PHP, Javascript, CSS), administra\u00e7\u00e3o de banco de dados (SQL Server, Mysql, Mariadb),&nbsp;an\u00e1lise de crimes cibern\u00e9ticos (v\u00edrus, e-mails bomba, ataques DDOS e outras portas), etc. Se profissionalizou em computa\u00e7\u00e3o forense (investiga\u00e7\u00e3o forense de dados cr\u00edticos em inform\u00e1tica). Profissional com experi\u00eancia em an\u00e1lise de fraude em sistemas energ\u00e9ticos (fraude em medidores de energia) de pequeno, m\u00e9dio e grande porte. Profissional com experi\u00eancia em investiga\u00e7\u00e3o, vistoria, coleta, exame e an\u00e1lise de dados na \u00e1rea de el\u00e9trica, controle e automa\u00e7\u00e3o, mec\u00e2nica industrial (m\u00e1quinas de grande porte) e&nbsp;veicular (an\u00e1lises de ve\u00edculos com danos, v\u00edcios).&nbsp;Profissional com experi\u00eancia em an\u00e1lise de equipamentos de telecomunica\u00e7\u00f5es (r\u00e1dios, celulares, modens, ADSL, Fibra). Ministrou cursos em v\u00e1rios eventos tais como VoIP Center, em faculdades como a Feit, UNITRI, PUC,&nbsp;UFU, FPU, UNA. Trabalha como Perito nomeado desde 2013 nas mais variadas \u00e1reas da engenharia&nbsp;que lhe compete.<\/p>\n\n\n\n<p><strong>Cursos profissionalizantes:<\/strong><\/p>\n\n\n\n<ul class=\"wp-block-list\"><li>T\u00e9cnico em Eletr\u00f4nica em 1997 &#8211; Uberaba &#8211; MG;<\/li><li>Programa\u00e7\u00e3o em Delphi 3 em 1998 &#8211; Uberl\u00e2ndia &#8211; MG;<\/li><li>T\u00e9cnico em Processamento de Dados em 2001 &#8211; COTEMGE &#8211; Uberl\u00e2ndia &#8211; MG;<\/li><li>Engenheiro Mecatr\u00f4nico em 2005 com habilita\u00e7\u00e3o em Controle e Automa\u00e7\u00e3o;<\/li><li>Engenheiro El\u00e9tricista com habilita\u00e7\u00e3o em Eletr\u00f4nica, Telecomunica\u00e7\u00f5es e Eletrot\u00e9cnica em 2009 &#8211; artigos 8\u00ba e 9\u00ba da resolu\u00e7\u00e3o 218-1973;<\/li><li>Engenharia Civil na Uniube de Uberl\u00e2ndia &#8211; MG (Trancado no 8\u00ba per\u00edodo);<\/li><li>Computa\u00e7\u00e3o Forense &#8211; Portal da Educa\u00e7\u00e3o &#8211; 2014;<\/li><li>Cursando Direito &#8211; Faculdade Polit\u00e9cnica &#8211; 2015;<\/li><li>Cursado Per\u00edcia Judicial &#8211; Rui Juliano &#8211; Manual de Per\u00edcias &#8211; 2018;<\/li><li>Curso de Engenharia de Avalia\u00e7\u00e3o e Per\u00edcia &#8211; Dr. Fernando Fernandes &#8211; Castela Inst. Ensino &#8211; Jan\/2019.<\/li><\/ul>\n\n\n\n<p><strong>Experi\u00eancias adquiridas:<\/strong><\/p>\n\n\n\n<ul class=\"wp-block-list\"><li>Windows NT\/2000;<\/li><li>Redes TCP\/IP;<\/li><li>Linux Slackware\/Conectiva\/RedHat\/CentOS;<\/li><li>Tecnologia Wireless, Enlace de r\u00e1dios, Torre de Transmiss\u00e3o 2.4 e 5.8GHz;<\/li><li>Servidores: Proxy(Squid), P\u00e1ginas(Apache), VPN, Banco de dados(Mysql e SQL), Telefonia PABXIP(Asterisk), Arquivos(Samba);<\/li><li>Prote\u00e7\u00e3o: Firewall(IPTables), SSHD(Denyhosts), Invas\u00e3o na porta 5060(Desenvolvimento pr\u00f3prio);<\/li><li>VoIP e PABXIP: Asterisk, Elastix;<\/li><li>Desenvolvimento de Plataformas VoIP e SMS;<\/li><li>Obten\u00e7\u00e3o de licen\u00e7a SCM (Servi\u00e7o de Comunica\u00e7\u00e3o Mulim\u00eddia) da ANATEL;<\/li><li>Consultoria para Provedores de Telecomunica\u00e7\u00f5es (VoIP, Wireless);<\/li><li>Per\u00edcia em Telecomunica\u00e7\u00f5es em processos jur\u00eddicos e fins privados;<\/li><li>Per\u00edcia em El\u00e9tica de sistemas automotivos e gera\u00e7\u00e3o, transmiss\u00e3o e distriui\u00e7\u00e3o de energia el\u00e9trica;<\/li><li>Per\u00edcia em Crimes Cibern\u00e9tico, Computa\u00e7\u00e3o Forense, Inform\u00e1tica;<\/li><li>Per\u00edcia em Mec\u00e2nica (controle e automa\u00e7\u00e3o) de m\u00e1quinas industriais e automotivos.<\/li><\/ul>\n\n\n\n<p><strong>Projetos desenvolvidos:<\/strong><\/p>\n\n\n\n<ul class=\"wp-block-list\"><li>Instala\u00e7\u00e3o, administra\u00e7\u00e3o, manuten\u00e7\u00e3o e suporte de redes Novel, NT, Win2000, Linux na empresa Engeredes Redes Multim\u00eddia SA;<\/li><li>Manuten\u00e7\u00e3o e administra\u00e7\u00e3o de Lotus D\u00f3mino e suporte a Lotus Notes nas empresas SWB Solu\u00e7\u00f5es Integradas, Engeredes Redes Multim\u00eddia SA, CTBC Telecom, Engeset;<\/li><li>Instala\u00e7\u00e3o, administra\u00e7\u00e3o, manuten\u00e7\u00e3o e suporte a rede Windows NT, 2000 na Vale do Rio Doce Uberl\u00e2ndia e Receita Federal;<\/li><li>Implanta\u00e7\u00e3o, manuten\u00e7\u00e3o e suporte de servidores em linux de Rede, Arquivo, WEB, Email, VPN, ISDN, Firewall, Backups, etc nas empresas Tend\u00eancia Solu\u00e7\u00f5es Ltda, Pharmus Farm\u00e1cia de Manipula\u00e7\u00e3o;<\/li><li>Instala\u00e7\u00e3o, manuten\u00e7\u00e3o e suporte a clientes de internet Wireless na cidade de Ervalha &#8211; MG;<\/li><li>Implanta\u00e7\u00e3o, manuten\u00e7\u00e3o e suporte de redes Fibra \u00d3ptica, Wireless, ADSL, STM na cidade de Uberl\u00e2ndia &#8211; MG;<\/li><li>Implanta\u00e7\u00e3o, manuten\u00e7\u00e3o e suporte de Provedores de Internet a R\u00e1dio(Wireless);<\/li><li>Implanta\u00e7\u00e3o, manuten\u00e7\u00e3o e suporte de mais de 25 Operadoras VOIP em todo Brasil;<\/li><li>Assinatura como engenheiro respons\u00e1vel t\u00e9cnico da empresa Laser em 2010;<\/li><li>Assinatura como engenheiro respons\u00e1vel t\u00e9cnico da empresa G7 em 2010;<\/li><li>Auditoria t\u00e9cnica na empresa InfoTS em 2011;<\/li><li>Consultoria para obten\u00e7\u00e3o da licen\u00e7a SCM para empresa OLC em 2012;<\/li><li>Consultoria para obten\u00e7\u00e3o da licen\u00e7a SCM para empresa FACILNET em 2012;<\/li><li>Auditoria de telecomunica\u00e7\u00f5es na empresa Startt em 2012;<\/li><li>Auditoria de telecomunica\u00e7\u00f5es na empresa Vaneliz em 2012;<\/li><li>Consultoria e implanta\u00e7\u00e3o de solu\u00e7\u00e3o de PABXIP na empresa Capul em Una\u00ed &#8211; MG &#8211; 07\/2012;<\/li><li>Desenvolvimento de Plataforma de SMS em massa para a empresa OPS Network &#8211; SP &#8211; 01\/2013;<\/li><li>Desenvolvimento de Plataforma de SMS em massa para a empresa Otima Telecom &#8211; SP &#8211; 08\/2013;<\/li><\/ul>\n\n\n\n<p><strong>Nomea\u00e7\u00f5es em processos judiciais<\/strong><\/p>\n\n\n\n<ul class=\"wp-block-list\"><li>Per\u00edcia Judicial em telecomunica\u00e7\u00f5es (Maqnelson x Embratel) no processo n: 702.04.170.505-5 (Uberl\u00e2ndia);<\/li><li>Per\u00edcia Judicial em el\u00e9trica residencial (Ivan x Gustavo) no processo n: 702.09.608.251-7 (Uberl\u00e2ndia);<\/li><li>Per\u00edcia Judicial em el\u00e9trica de autom\u00f3vel (Eder x Rei) processo n: 702.11.038.983-1 (Uberl\u00e2ndia);<\/li><li>Per\u00edcia Judicial em inform\u00e1tica (Microsoft x Indusat) no processo n: 0702.02.024225-2 (Uberl\u00e2ndia);<\/li><li>Per\u00edcia Judicial em inform\u00e1tica (Toutatis x Thietem) no processo n: 0702.12.022459-8 (Uberl\u00e2ndia);<\/li><li>Per\u00edcia Judicial em inform\u00e1tica (Toutatis x Thietem) no processo n: 0702.12.022459-8 (Uberl\u00e2ndia);<\/li><li>Per\u00edcia Judicial em inform\u00e1tica (MILTON x OURENSE) no processo n: 0702.15. 036253-2 (Uberl\u00e2ndia);<\/li><li>Per\u00edcia Judicial em el\u00e9trica residencial (Aguinaldo x CEMIG) no processo n: 0702.15.087107-8 (Uberl\u00e2ndia);<\/li><li>Per\u00edcia Judicial em inform\u00e1tica (Minist\u00e9rio P\u00fablico) no processo n: 701.11.033388-0 (Uberaba);<\/li><li>Per\u00edcia Judicial em el\u00e9trica de autom\u00f3vel (Cecilia x Auto Kamel) no processo n: 701.12.013520-0 (Uberaba);<\/li><li>Per\u00edcia Judicial em telecomunica\u00e7\u00f5es (Carmem x Marcel Telecom) no processo n: 701.11.027508-1 (Uberaba);<\/li><li>Per\u00edcia Judicial em el\u00e9trica (Helv\u00e9cio x CEMIG) no processo n: 0701.10.020977-7 (Uberaba);<\/li><li>Per\u00edcia Judicial em el\u00e9trica (Frigorifico x CEMIG) no processo n: 0701.12.043276-3 (Uberaba);<\/li><li>Per\u00edcia Judicial em mec\u00e2nica (M. Helia x A. Alves) no processo n: 0701.15.022392-6 (Uberaba);<\/li><li>Per\u00edcia Judicial em mec\u00e2nica (CM x ABT) no processo n: 0701.15.032748-7 (Uberaba);<\/li><li>Per\u00edcia Judicial em mec\u00e2nica (Neuza x Texas) no processo n: 0701.13.016583-3 (Uberaba);<\/li><li>Per\u00edcia Judicial em vistoria (AMARAL E AMARAL x VALE) no processo n: 0701.13.500064-9 (Uberaba);<\/li><li>Per\u00edcia Judicial em mec\u00e2nica (REALIZA X JORGE) no processo n: 0701.08.222413-3 (Uberaba);<\/li><li>Per\u00edcia Judicial em el\u00e9trica automotiva (TIAGO X PORTO SEGURO) no processo n: 5007562-13.2016.8.13.0701 (Uberaba);<\/li><li>Per\u00edcia Judicial em mec\u00e2nica (Jo\u00e3o Henrique x Milton) no processo n: 0701.11.007083-9 (Uberaba);<\/li><li>Per\u00edcia Judicial em mec\u00e2nica (Kleber x Adenir) no processo n: 0701.11.009681-8 (Uberaba);<\/li><li>Per\u00edcia Judicial em mec\u00e2nica (Rodrigo x Renault) no processo n: 0701.14.005517-2 (Uberaba);<\/li><li>Per\u00edcia Judicial em mec\u00e2nica (Jos\u00e9 Jesus x SAN Marco) no processo n: 0701.12.032305-3 (Uberaba);<\/li><li>Per\u00edcia Judicial em inform\u00e1tica (CIRO x REFORMADORA UBERABA) no processo n: 0342.13.009533-0 (Ituiutaba);<\/li><li>Per\u00edcia Judicial em inform\u00e1tica (H\u00daLLIO x ORTOVEL VE\u00cdCULOS) no processo n: 0342.14.000575-8 (Ituiutaba);<\/li><li>Per\u00edcia Judicial em inform\u00e1tica (Minist\u00e9rio P\u00fablico x Gigamicro) no processo n: 0342.11.006625-1 (Ituiutaba);<\/li><li>Per\u00edcia Judicial em inform\u00e1tica (MP x AMW) no processo n: 0040.15.005409-2 (Arax\u00e1);<\/li><li>Per\u00edcia Judicial em bomba injetora (GIRASSOL x COMERCIAL DE VANS) no processo n: 0040.15.008708-4 (Arax\u00e1);<\/li><li>Per\u00edcia Judicial em el\u00e9trica residencial (Sebasti\u00e3o x CEMIG) no processo n: 0035.08.128398-4 (Araguari);<\/li><li>Per\u00edcia Judicial m\u00e1quinas (Sociedade Industrial x Pomar) no processo n: 0035.07.096740-7 (Araguari);<\/li><li>Per\u00edcia Judicial bomba injetora (ARAGUARI PO\u00c7OS ARTESIANOS x RECUPERADORA GA\u00daCHA) no processo n: 0035.15.007164-1 (Araguari);<\/li><li>Per\u00edcia Judicial atordoador bovino(IRM\u00c3OS BECKHEUSER x GEZA LTDA) no processo n: 0035.14.0068687-1 (Araguari);<\/li><li>Per\u00edcia Judicial em el\u00e9trica residencial (ESP\u00d3LIO DE PETR\u00d4NIO x CEMIG) no processo n: 0035.13.014952-5 (Araguari);<\/li><li>Per\u00edcia Judicial em el\u00e9trica comercial (SANTA CASA DE MISERIC\u00d3RDIA x ANT\u00d4NIO) no processo n: 0035.13.003901-5 (Araguari);<\/li><li>Per\u00edcia Judicial em el\u00e9trica residencial (IVO CAMARGO x CEMIG) no processo n: 0035.14.010402-3 (Araguari);<\/li><li>Per\u00edcia Judicial em el\u00e9trica de pot\u00eancia (VITOR x CEMIG) no processo n: 0035.15.006726-8 (Araguari);<\/li><li>Per\u00edcia Judicial em mec\u00e2nica (FERNANDO x TRIAUTO) no processo n: 0035.14.019572-4 (Araguari);<\/li><li>Per\u00edcia Judicial em el\u00e9trica residencial (JUCIMAR x CEMIG) no processo n: 0035.10.010394-0 (Araguari);<\/li><li>Per\u00edcia Judicial em el\u00e9trica residencial (JUSCELINA x SULLIVAN) no processo n: 0035.06.088052-9 (Araguari);<\/li><li>Per\u00edcia Judicial em el\u00e9trica residencial (IDONES x CEMIG) no processo n: 0035.11.005775-5 (Araguari);<\/li><\/ul>\n\n\n\n<p><strong>Eventos que ministrou<\/strong><\/p>\n\n\n\n<ul class=\"wp-block-list\"><li>Palestrante no Encontro VoIPCenter &#8211; S\u00e3o Paulo &#8211; SP em 2006;<\/li><li>Palestrante no Encontro VoIPCenter &#8211; S\u00e3o Paulo &#8211; SP em 2008;<\/li><li>Palestrante no Encontro VoIPCenter &#8211; S\u00e3o Paulo &#8211; SP em 2009;<\/li><li>Palestrante na Feit &#8211; Funda\u00e7\u00e3o Educacional de Ituiutaba &#8211; MG &#8211; 2008;<\/li><li>Professor de mini curso na PUC &#8211; Pontif\u00edcia Universidade Cat\u00f3lica de Po\u00e7os de Caldas &#8211; MG &#8211; 2008;<\/li><li>Professor de mini curso PUC &#8211; Pontif\u00edcia Universidade Cat\u00f3lica de Po\u00e7os de Caldas &#8211; MG &#8211; 2009;<\/li><li>Palestrante na PUC &#8211; Pontif\u00edcia Universidade Cat\u00f3lica de Po\u00e7os de Caldas &#8211; MG &#8211; 2010;<\/li><li>Palestrante na Faculdade Polit\u00e9cnica de Uberl\u00e2ndia &#8211; MG &#8211; 2009;<\/li><li>Palestrante na Polit\u00e9cnica &#8211; Faculdade Polit\u00e9cnica de Uberl\u00e2ndia;<\/li><li>Palestrante na UFU &#8211; EMSL &#8211; Encontro Mineiro de Software Livre &#8211; 2010;<\/li><li>Palestrante na UNITRI &#8211; Faculdade do Tri\u00e2ngulo de Uberl\u00e2ndia &#8211; MG &#8211; 2011;<\/li><li>Professor do Mini Curo: Asterisk&nbsp;&#8211; Pontif\u00edcia Universidade Cat\u00f3lica de Po\u00e7os de Caldas &#8211; MG &#8211; 05\/2012;<\/li><li>Palestrou sobre o tema: Telefonia IP&nbsp;&#8211; Faculdade Polit\u00e9cnica de Uberl\u00e2ndia (FPU) &#8211; Uberl\u00e2ndia &#8211; MG &#8211; 12\/11\/2015;<\/li><li>Professor no curso: Engenharia de Avalia\u00e7\u00e3o e Per\u00edcia &#8211; Introdu\u00e7\u00e3o a Per\u00edcia &#8211; Castela Inst. de Ensino &#8211; Uberl\u00e2ndia &#8211; MG &#8211; 18\/01\/2019.<\/li><\/ul>\n","protected":false},"excerpt":{"rendered":"<p>\u00c1reas de Forma\u00e7\u00e3o: Engenheiro de Controle e Automa\u00e7\u00e3o (2006) e Engenheiro Eletricista (2009) com habilita\u00e7\u00e3o em eletr\u00f4nica, pot\u00eancia e telecomunica\u00e7\u00f5es. Cursou 7\u00ba per\u00edodo de Engenharia<\/p>\n","protected":false},"author":1,"featured_media":0,"parent":0,"menu_order":0,"comment_status":"closed","ping_status":"closed","template":"","meta":{"om_disable_all_campaigns":false,"_monsterinsights_skip_tracking":false,"_monsterinsights_sitenote_active":false,"_monsterinsights_sitenote_note":"","_monsterinsights_sitenote_category":0,"footnotes":""},"class_list":["post-162","page","type-page","status-publish","hentry","comments-off"],"aioseo_notices":[],"_links":{"self":[{"href":"https:\/\/periciajudicial.zsistemas.com.br\/index.php\/wp-json\/wp\/v2\/pages\/162","targetHints":{"allow":["GET"]}}],"collection":[{"href":"https:\/\/periciajudicial.zsistemas.com.br\/index.php\/wp-json\/wp\/v2\/pages"}],"about":[{"href":"https:\/\/periciajudicial.zsistemas.com.br\/index.php\/wp-json\/wp\/v2\/types\/page"}],"author":[{"embeddable":true,"href":"https:\/\/periciajudicial.zsistemas.com.br\/index.php\/wp-json\/wp\/v2\/users\/1"}],"replies":[{"embeddable":true,"href":"https:\/\/periciajudicial.zsistemas.com.br\/index.php\/wp-json\/wp\/v2\/comments?post=162"}],"version-history":[{"count":8,"href":"https:\/\/periciajudicial.zsistemas.com.br\/index.php\/wp-json\/wp\/v2\/pages\/162\/revisions"}],"predecessor-version":[{"id":174,"href":"https:\/\/periciajudicial.zsistemas.com.br\/index.php\/wp-json\/wp\/v2\/pages\/162\/revisions\/174"}],"wp:attachment":[{"href":"https:\/\/periciajudicial.zsistemas.com.br\/index.php\/wp-json\/wp\/v2\/media?parent=162"}],"curies":[{"name":"wp","href":"https:\/\/api.w.org\/{rel}","templated":true}]}}