{"id":1770,"date":"2022-04-19T10:36:17","date_gmt":"2022-04-19T13:36:17","guid":{"rendered":"http:\/\/periciajudicial.zsistemas.com.br\/?page_id=1770"},"modified":"2022-09-08T22:20:17","modified_gmt":"2022-09-09T01:20:17","slug":"videos","status":"publish","type":"page","link":"https:\/\/periciajudicial.zsistemas.com.br\/index.php\/videos\/","title":{"rendered":"V\u00eddeos"},"content":{"rendered":"\n<h2 class=\"wp-block-heading\">Canal no Youtube<\/h2>\n\n\n\n<p>Para acessar o canal de Per\u00edcia Judicial no Youtube com todos os v\u00eddeos atualizados <a href=\"https:\/\/www.youtube.com\/c\/Per\u00edciaJudicial\" target=\"_blank\" rel=\"noreferrer noopener\" aria-label=\"clique aqui (opens in a new tab)\">clique aqui<\/a> ou no link abaixo:<\/p>\n\n\n\n<p style=\"text-align:center\"><a href=\"https:\/\/www.youtube.com\/c\/Per\u00edciaJudicial\">https:\/\/www.youtube.com\/c\/Per\u00edciaJudicial<\/a><\/p>\n\n\n\n<p>Abaixo seguem alguns v\u00eddeos postados no canal de Per\u00edcia Judicial.<\/p>\n\n\n\n<figure class=\"wp-block-embed-youtube aligncenter wp-block-embed is-type-video is-provider-youtube wp-embed-aspect-16-9 wp-has-aspect-ratio\"><div class=\"wp-block-embed__wrapper\">\n<iframe loading=\"lazy\" title=\"Apresenta\u00e7\u00e3o inicial\" width=\"910\" height=\"512\" src=\"https:\/\/www.youtube.com\/embed\/dvaUH2q4eSU?feature=oembed\" frameborder=\"0\" allow=\"accelerometer; autoplay; clipboard-write; encrypted-media; gyroscope; picture-in-picture\" allowfullscreen><\/iframe>\n<\/div><\/figure>\n\n\n\n<figure class=\"wp-block-embed-youtube aligncenter wp-block-embed is-type-video is-provider-youtube wp-embed-aspect-16-9 wp-has-aspect-ratio\"><div class=\"wp-block-embed__wrapper\">\n<iframe loading=\"lazy\" title=\"Quem \u00e9 o Perito Judicial\" width=\"910\" height=\"512\" src=\"https:\/\/www.youtube.com\/embed\/GADW5n_hi4I?feature=oembed\" frameborder=\"0\" allow=\"accelerometer; autoplay; clipboard-write; encrypted-media; gyroscope; picture-in-picture\" allowfullscreen><\/iframe>\n<\/div><\/figure>\n\n\n\n<figure class=\"wp-block-embed-youtube aligncenter wp-block-embed is-type-video is-provider-youtube wp-embed-aspect-16-9 wp-has-aspect-ratio\"><div class=\"wp-block-embed__wrapper\">\n<iframe loading=\"lazy\" title=\"Quem pode ser Perito Judicial\" width=\"910\" height=\"512\" src=\"https:\/\/www.youtube.com\/embed\/0130AZKHaGs?feature=oembed\" frameborder=\"0\" allow=\"accelerometer; autoplay; clipboard-write; encrypted-media; gyroscope; picture-in-picture\" allowfullscreen><\/iframe>\n<\/div><\/figure>\n\n\n\n<figure class=\"wp-block-embed-youtube aligncenter wp-block-embed is-type-video is-provider-youtube wp-embed-aspect-16-9 wp-has-aspect-ratio\"><div class=\"wp-block-embed__wrapper\">\n<iframe loading=\"lazy\" title=\"Pericia Judicial - Diferen\u00e7a entre laudo e parecer t\u00e9cnico - Parte 1\" width=\"910\" height=\"512\" src=\"https:\/\/www.youtube.com\/embed\/J1P4Qti-bd4?feature=oembed\" frameborder=\"0\" allow=\"accelerometer; autoplay; clipboard-write; encrypted-media; gyroscope; picture-in-picture\" allowfullscreen><\/iframe>\n<\/div><\/figure>\n\n\n\n<figure class=\"wp-block-embed-youtube wp-block-embed is-type-video is-provider-youtube wp-embed-aspect-16-9 wp-has-aspect-ratio\"><div class=\"wp-block-embed__wrapper\">\n<iframe loading=\"lazy\" title=\"Pericia Judicial - Diferen\u00e7a entre laudo e parecer t\u00e9cnico - Parte 2\" width=\"910\" height=\"512\" src=\"https:\/\/www.youtube.com\/embed\/558wJtTvvQQ?feature=oembed\" frameborder=\"0\" allow=\"accelerometer; autoplay; clipboard-write; encrypted-media; gyroscope; picture-in-picture\" allowfullscreen><\/iframe>\n<\/div><\/figure>\n\n\n\n<figure class=\"wp-block-embed-youtube wp-block-embed is-type-video is-provider-youtube wp-embed-aspect-16-9 wp-has-aspect-ratio\"><div class=\"wp-block-embed__wrapper\">\n<iframe loading=\"lazy\" title=\"Pericia Judicial - Quando o Juiz nomeia um Perito Judicial - Parte 1\" width=\"910\" height=\"512\" src=\"https:\/\/www.youtube.com\/embed\/Td3JnJII4ko?feature=oembed\" frameborder=\"0\" allow=\"accelerometer; autoplay; clipboard-write; encrypted-media; gyroscope; picture-in-picture\" allowfullscreen><\/iframe>\n<\/div><\/figure>\n\n\n\n<figure class=\"wp-block-embed-youtube wp-block-embed is-type-video is-provider-youtube wp-embed-aspect-16-9 wp-has-aspect-ratio\"><div class=\"wp-block-embed__wrapper\">\n<iframe loading=\"lazy\" title=\"Pericia Judicial - Fui nomeado como Perito Judicial e agora - Parte 1\" width=\"910\" height=\"512\" src=\"https:\/\/www.youtube.com\/embed\/Slx6wa_kgYU?feature=oembed\" frameborder=\"0\" allow=\"accelerometer; autoplay; clipboard-write; encrypted-media; gyroscope; picture-in-picture\" allowfullscreen><\/iframe>\n<\/div><\/figure>\n\n\n\n<figure class=\"wp-block-embed-youtube wp-block-embed is-type-video is-provider-youtube wp-embed-aspect-16-9 wp-has-aspect-ratio\"><div class=\"wp-block-embed__wrapper\">\n<iframe loading=\"lazy\" title=\"Pericia Judicial - Eu sou ou eu estou Perito Judicial?\" width=\"910\" height=\"512\" src=\"https:\/\/www.youtube.com\/embed\/yc-IzKn4g8c?feature=oembed\" frameborder=\"0\" allow=\"accelerometer; autoplay; clipboard-write; encrypted-media; gyroscope; picture-in-picture\" allowfullscreen><\/iframe>\n<\/div><\/figure>\n\n\n\n<figure class=\"wp-block-embed-youtube wp-block-embed is-type-video is-provider-youtube wp-embed-aspect-16-9 wp-has-aspect-ratio\"><div class=\"wp-block-embed__wrapper\">\n<iframe loading=\"lazy\" title=\"Pericia Judicial - Pra quem o Perito Judicial trabalha?\" width=\"910\" height=\"512\" src=\"https:\/\/www.youtube.com\/embed\/m9N3kZLUe4E?feature=oembed\" frameborder=\"0\" allow=\"accelerometer; autoplay; clipboard-write; encrypted-media; gyroscope; picture-in-picture\" allowfullscreen><\/iframe>\n<\/div><\/figure>\n\n\n\n<figure class=\"wp-block-embed-youtube wp-block-embed is-type-video is-provider-youtube wp-embed-aspect-16-9 wp-has-aspect-ratio\"><div class=\"wp-block-embed__wrapper\">\n<iframe loading=\"lazy\" title=\"Pericia Judicial - Como \u00e9 a vida do Perito Judicial\" width=\"910\" height=\"512\" src=\"https:\/\/www.youtube.com\/embed\/je6qmv7kCOc?feature=oembed\" frameborder=\"0\" allow=\"accelerometer; autoplay; clipboard-write; encrypted-media; gyroscope; picture-in-picture\" allowfullscreen><\/iframe>\n<\/div><\/figure>\n\n\n\n<figure class=\"wp-block-embed-youtube wp-block-embed is-type-video is-provider-youtube wp-embed-aspect-16-9 wp-has-aspect-ratio\"><div class=\"wp-block-embed__wrapper\">\n<iframe loading=\"lazy\" title=\"Pericia Judicial  - Quanto ganha o Perito Judicial\" width=\"910\" height=\"512\" src=\"https:\/\/www.youtube.com\/embed\/TWyaa_qfz_o?feature=oembed\" frameborder=\"0\" allow=\"accelerometer; autoplay; clipboard-write; encrypted-media; gyroscope; picture-in-picture\" allowfullscreen><\/iframe>\n<\/div><\/figure>\n\n\n\n<figure class=\"wp-block-embed-youtube wp-block-embed is-type-video is-provider-youtube wp-embed-aspect-16-9 wp-has-aspect-ratio\"><div class=\"wp-block-embed__wrapper\">\n<iframe loading=\"lazy\" title=\"Pericia Judicial  - Quesitos preliminares, complementares, suplementares e de esclarecimentos\" width=\"910\" height=\"512\" src=\"https:\/\/www.youtube.com\/embed\/85gzi_FkcPY?feature=oembed\" frameborder=\"0\" allow=\"accelerometer; autoplay; clipboard-write; encrypted-media; gyroscope; picture-in-picture\" allowfullscreen><\/iframe>\n<\/div><\/figure>\n\n\n\n<figure class=\"wp-block-embed-youtube wp-block-embed is-type-video is-provider-youtube wp-embed-aspect-16-9 wp-has-aspect-ratio\"><div class=\"wp-block-embed__wrapper\">\n<iframe loading=\"lazy\" title=\"Pericia Judicial   O Perito \u00e9 o bra\u00e7o direito do Juiz, mas n\u00e3o \u00e9 o dono da verdade\" width=\"910\" height=\"512\" src=\"https:\/\/www.youtube.com\/embed\/ZsZU5YRGvp0?feature=oembed\" frameborder=\"0\" allow=\"accelerometer; autoplay; clipboard-write; encrypted-media; gyroscope; picture-in-picture\" allowfullscreen><\/iframe>\n<\/div><\/figure>\n\n\n\n<figure class=\"wp-block-embed-youtube wp-block-embed is-type-video is-provider-youtube wp-embed-aspect-16-9 wp-has-aspect-ratio\"><div class=\"wp-block-embed__wrapper\">\n<iframe loading=\"lazy\" title=\"Pericia Judicial -  Perito precisa se embasar na ci\u00eancia\" width=\"910\" height=\"512\" src=\"https:\/\/www.youtube.com\/embed\/gUxjgnaY7Gs?feature=oembed\" frameborder=\"0\" allow=\"accelerometer; autoplay; clipboard-write; encrypted-media; gyroscope; picture-in-picture\" allowfullscreen><\/iframe>\n<\/div><\/figure>\n\n\n\n<figure class=\"wp-block-embed-youtube wp-block-embed is-type-video is-provider-youtube wp-embed-aspect-16-9 wp-has-aspect-ratio\"><div class=\"wp-block-embed__wrapper\">\n<iframe loading=\"lazy\" title=\"Pericia Judicial  - A import\u00e2ncia da fundamenta\u00e7\u00e3o\" width=\"910\" height=\"512\" src=\"https:\/\/www.youtube.com\/embed\/4KtDtgwNE8o?feature=oembed\" frameborder=\"0\" allow=\"accelerometer; autoplay; clipboard-write; encrypted-media; gyroscope; picture-in-picture\" allowfullscreen><\/iframe>\n<\/div><\/figure>\n\n\n\n<figure class=\"wp-block-embed-youtube wp-block-embed is-type-video is-provider-youtube wp-embed-aspect-16-9 wp-has-aspect-ratio\"><div class=\"wp-block-embed__wrapper\">\n<iframe loading=\"lazy\" title=\"Per\u00edcia Judicial - Proposta de honor\u00e1rios\" width=\"910\" height=\"512\" src=\"https:\/\/www.youtube.com\/embed\/OxIL8YbEn5Y?feature=oembed\" frameborder=\"0\" allow=\"accelerometer; autoplay; clipboard-write; encrypted-media; gyroscope; picture-in-picture\" allowfullscreen><\/iframe>\n<\/div><\/figure>\n\n\n\n<figure class=\"wp-block-embed-youtube wp-block-embed is-type-video is-provider-youtube wp-embed-aspect-16-9 wp-has-aspect-ratio\"><div class=\"wp-block-embed__wrapper\">\n<iframe loading=\"lazy\" title=\"Per\u00edcia Judicial  - Diferen\u00e7a entre Perito Judicial e Assistente T\u00e9cnico\" width=\"910\" height=\"512\" src=\"https:\/\/www.youtube.com\/embed\/w0gtrtzPs3s?feature=oembed\" frameborder=\"0\" allow=\"accelerometer; autoplay; clipboard-write; encrypted-media; gyroscope; picture-in-picture\" allowfullscreen><\/iframe>\n<\/div><\/figure>\n\n\n\n<figure class=\"wp-block-embed-youtube wp-block-embed is-type-video is-provider-youtube wp-embed-aspect-16-9 wp-has-aspect-ratio\"><div class=\"wp-block-embed__wrapper\">\n<iframe loading=\"lazy\" title=\"Per\u00edcia Judicial - A import\u00e2ncia da per\u00edcia colegiada\" width=\"910\" height=\"512\" src=\"https:\/\/www.youtube.com\/embed\/B0FWYqBSvlU?feature=oembed\" frameborder=\"0\" allow=\"accelerometer; autoplay; clipboard-write; encrypted-media; gyroscope; picture-in-picture\" allowfullscreen><\/iframe>\n<\/div><\/figure>\n\n\n\n<figure class=\"wp-block-embed-youtube wp-block-embed is-type-video is-provider-youtube wp-embed-aspect-16-9 wp-has-aspect-ratio\"><div class=\"wp-block-embed__wrapper\">\n<iframe loading=\"lazy\" title=\"A import\u00e2ncia do laudo pericial de inc\u00eandio na per\u00edcia de inc\u00eandio\" width=\"910\" height=\"512\" src=\"https:\/\/www.youtube.com\/embed\/ACa9wre0vpk?feature=oembed\" frameborder=\"0\" allow=\"accelerometer; autoplay; clipboard-write; encrypted-media; gyroscope; picture-in-picture\" allowfullscreen><\/iframe>\n<\/div><\/figure>\n","protected":false},"excerpt":{"rendered":"<p>Canal no Youtube Para acessar o canal de Per\u00edcia Judicial no Youtube com todos os v\u00eddeos atualizados clique aqui ou no link abaixo: https:\/\/www.youtube.com\/c\/Per\u00edciaJudicial Abaixo<\/p>\n","protected":false},"author":1,"featured_media":1777,"parent":0,"menu_order":0,"comment_status":"closed","ping_status":"closed","template":"","meta":{"om_disable_all_campaigns":false,"_monsterinsights_skip_tracking":false,"_monsterinsights_sitenote_active":false,"_monsterinsights_sitenote_note":"","_monsterinsights_sitenote_category":0,"footnotes":""},"class_list":["post-1770","page","type-page","status-publish","has-post-thumbnail","hentry","comments-off"],"aioseo_notices":[],"_links":{"self":[{"href":"https:\/\/periciajudicial.zsistemas.com.br\/index.php\/wp-json\/wp\/v2\/pages\/1770","targetHints":{"allow":["GET"]}}],"collection":[{"href":"https:\/\/periciajudicial.zsistemas.com.br\/index.php\/wp-json\/wp\/v2\/pages"}],"about":[{"href":"https:\/\/periciajudicial.zsistemas.com.br\/index.php\/wp-json\/wp\/v2\/types\/page"}],"author":[{"embeddable":true,"href":"https:\/\/periciajudicial.zsistemas.com.br\/index.php\/wp-json\/wp\/v2\/users\/1"}],"replies":[{"embeddable":true,"href":"https:\/\/periciajudicial.zsistemas.com.br\/index.php\/wp-json\/wp\/v2\/comments?post=1770"}],"version-history":[{"count":6,"href":"https:\/\/periciajudicial.zsistemas.com.br\/index.php\/wp-json\/wp\/v2\/pages\/1770\/revisions"}],"predecessor-version":[{"id":1876,"href":"https:\/\/periciajudicial.zsistemas.com.br\/index.php\/wp-json\/wp\/v2\/pages\/1770\/revisions\/1876"}],"wp:featuredmedia":[{"embeddable":true,"href":"https:\/\/periciajudicial.zsistemas.com.br\/index.php\/wp-json\/wp\/v2\/media\/1777"}],"wp:attachment":[{"href":"https:\/\/periciajudicial.zsistemas.com.br\/index.php\/wp-json\/wp\/v2\/media?parent=1770"}],"curies":[{"name":"wp","href":"https:\/\/api.w.org\/{rel}","templated":true}]}}