{"id":1904,"date":"2022-10-20T10:55:11","date_gmt":"2022-10-20T13:55:11","guid":{"rendered":"http:\/\/periciajudicial.zsistemas.com.br\/?page_id=1904"},"modified":"2026-03-23T10:48:51","modified_gmt":"2026-03-23T13:48:51","slug":"modelos-de-pecas-periciais","status":"publish","type":"page","link":"https:\/\/periciajudicial.zsistemas.com.br\/index.php\/modelos-de-pecas-periciais\/","title":{"rendered":"Modelos de pe\u00e7as periciais"},"content":{"rendered":"\n<p>Com intuito de auxiliar nossos colegas Peritos, estamos disponibilizando nossas pe\u00e7as periciais que variam desde propostas de honor\u00e1rios, laudos periciais, pareceres t\u00e9cnicos e outros documentos e outras manifesta\u00e7\u00f5es. Sirva-se a vontade, mas n\u00e3o se esque\u00e7a de deixar um coment\u00e1rio, sugerir corre\u00e7\u00f5es, palpitar. Obrigado.<\/p>\n\n\n\n<h2 class=\"wp-block-heading\">Curr\u00edculo<\/h2>\n\n\n\n<div class=\"wp-block-file\"><a href=\"https:\/\/periciajudicial.zsistemas.com.br\/wp-content\/uploads\/2023\/08\/Curriculum-Agenor-Perito.docx\"><strong>Curriculum-Agenor-Perito<\/strong><\/a><a href=\"https:\/\/periciajudicial.zsistemas.com.br\/wp-content\/uploads\/2023\/08\/Curriculum-Agenor-Perito.docx\" class=\"wp-block-file__button wp-element-button\" download>Download<\/a><\/div>\n\n\n\n<h2 class=\"wp-block-heading\">Aceites em Justi\u00e7a Gratuita<\/h2>\n\n\n\n<div class=\"wp-block-file\"><a href=\"http:\/\/periciajudicial.zsistemas.com.br\/wp-content\/uploads\/2022\/10\/Modelo-Aceite-e-honor\u00e1rios-AJG-SMARTPHONE.odt\"><strong>Modelo-Aceite-e-honor\u00e1rios-AJG-SMARTPHONE.odt<\/strong><\/a><a href=\"http:\/\/periciajudicial.zsistemas.com.br\/wp-content\/uploads\/2022\/10\/Modelo-Aceite-e-honor\u00e1rios-AJG-SMARTPHONE.odt\" class=\"wp-block-file__button wp-element-button\" download>Download<\/a><\/div>\n\n\n\n<div class=\"wp-block-file\"><a id=\"wp-block-file--media-9d43ae44-6374-43f7-a2cc-27b25c3a1ce2\" href=\"https:\/\/periciajudicial.zsistemas.com.br\/wp-content\/uploads\/2026\/02\/Modelo-aceite-aguardando-quesitos.docx\"><strong>Modelo aceite aguardando quesitos<\/strong><\/a><a href=\"https:\/\/periciajudicial.zsistemas.com.br\/wp-content\/uploads\/2026\/02\/Modelo-aceite-aguardando-quesitos.docx\" class=\"wp-block-file__button wp-element-button\" download aria-describedby=\"wp-block-file--media-9d43ae44-6374-43f7-a2cc-27b25c3a1ce2\">Download<\/a><\/div>\n\n\n\n<div class=\"wp-block-file\"><a id=\"wp-block-file--media-0f6bb061-5d93-4d2c-a197-6ad17902ba21\" href=\"https:\/\/periciajudicial.zsistemas.com.br\/wp-content\/uploads\/2026\/02\/Modelo-aceite-condicional-e-prazo-adicional.docx\"><strong>Modelo aceite condicional e prazo adicional<\/strong><\/a><a href=\"https:\/\/periciajudicial.zsistemas.com.br\/wp-content\/uploads\/2026\/02\/Modelo-aceite-condicional-e-prazo-adicional.docx\" class=\"wp-block-file__button wp-element-button\" download aria-describedby=\"wp-block-file--media-0f6bb061-5d93-4d2c-a197-6ad17902ba21\">Download<\/a><\/div>\n\n\n\n<h2 class=\"wp-block-heading\">Propostas de honor\u00e1rios<\/h2>\n\n\n\n<div class=\"wp-block-file\"><a href=\"http:\/\/periciajudicial.zsistemas.com.br\/wp-content\/uploads\/2024\/09\/Apresenta\u00e7\u00e3o-de-honor\u00e1rios-de-cancelamento-de-per\u00edcia-internet.odt\"><strong>Apresenta\u00e7\u00e3o-de-honor\u00e1rios-de-cancelamento-de-per\u00edcia-internet<\/strong><\/a><a href=\"http:\/\/periciajudicial.zsistemas.com.br\/wp-content\/uploads\/2024\/09\/Apresenta\u00e7\u00e3o-de-honor\u00e1rios-de-cancelamento-de-per\u00edcia-internet.odt\" class=\"wp-block-file__button wp-element-button\" download>Baixar<\/a><\/div>\n\n\n\n<div class=\"wp-block-file\"><a href=\"https:\/\/periciajudicial.zsistemas.com.br\/wp-content\/uploads\/2022\/10\/Modelo-Aceite-e-honor\u00e1rios-BUSCA-E-APREENS\u00c3O-DO-SOFTWARE-PIRATA-Internet.odt\"><\/a><a href=\"https:\/\/periciajudicial.zsistemas.com.br\/wp-content\/uploads\/2022\/10\/Modelo-Aceite-e-honor\u00e1rios-BUSCA-E-APREENS\u00c3O-DO-SOFTWARE-PIRATA-Internet.odt\"><strong>Proposta-de-honor\u00e1rios-BUSCA-E-APREENS\u00c3O-DO-SOFTWARE-PIRATA-Internet<\/strong><\/a><a href=\"https:\/\/periciajudicial.zsistemas.com.br\/wp-content\/uploads\/2022\/10\/Modelo-Aceite-e-honor\u00e1rios-BUSCA-E-APREENS\u00c3O-DO-SOFTWARE-PIRATA-Internet.odt\" class=\"wp-block-file__button\" download=\"\">Download<\/a><\/div>\n\n\n\n<div class=\"wp-block-file\"><a href=\"https:\/\/periciajudicial.zsistemas.com.br\/wp-content\/uploads\/2022\/10\/Modelo-Aceite-e-honor\u00e1rios-SMARTPHONE.odt\"><a href=\"https:\/\/periciajudicial.zsistemas.com.br\/wp-content\/uploads\/2022\/10\/Modelo-Aceite-e-honor\u00e1rios-SMARTPHONE.odt\"><strong>Proposta-de-honor\u00e1rios-SMARTPHONE<\/strong><\/a><\/a><a href=\"https:\/\/periciajudicial.zsistemas.com.br\/wp-content\/uploads\/2022\/10\/Modelo-Aceite-e-honor\u00e1rios-SMARTPHONE.odt\" class=\"wp-block-file__button\" download>Download<\/a><\/div>\n\n\n\n<div class=\"wp-block-file\"><a href=\"https:\/\/periciajudicial.zsistemas.com.br\/wp-content\/uploads\/2022\/10\/Modelo-Aceite-e-honor\u00e1rios-VARIA\u00c7\u00c3O-ENERG\u00c9TICA-x-CEMIG-DISTRIBUI\u00c7\u00c3O-S.A-Internet..odt\"><a href=\"https:\/\/periciajudicial.zsistemas.com.br\/wp-content\/uploads\/2022\/10\/Modelo-Aceite-e-honor\u00e1rios-VARIA\u00c7\u00c3O-ENERG\u00c9TICA-x-CEMIG-DISTRIBUI\u00c7\u00c3O-S.A-Internet..odt\"><strong>Proposta-de-honor\u00e1rios-VARIA\u00c7\u00c3O-ENERG\u00c9TICA-x-CEMIG-DISTRIBUI\u00c7\u00c3O-S.A-Internet.<\/strong><\/a><\/a><a href=\"https:\/\/periciajudicial.zsistemas.com.br\/wp-content\/uploads\/2022\/10\/Modelo-Aceite-e-honor\u00e1rios-VARIA\u00c7\u00c3O-ENERG\u00c9TICA-x-CEMIG-DISTRIBUI\u00c7\u00c3O-S.A-Internet..odt\" class=\"wp-block-file__button\" download>Download<\/a><\/div>\n\n\n\n<div class=\"wp-block-file\"><a href=\"https:\/\/periciajudicial.zsistemas.com.br\/wp-content\/uploads\/2022\/10\/Modelo-Aceite-e-honor\u00e1rios-VE\u00cdCULOS-Internet.odt\"><a href=\"https:\/\/periciajudicial.zsistemas.com.br\/wp-content\/uploads\/2022\/10\/Modelo-Aceite-e-honor\u00e1rios-VE\u00cdCULOS-Internet.odt\"><strong>Proposta-de-honor\u00e1rios-VE\u00cdCULOS-Internet<\/strong><\/a><\/a><a href=\"https:\/\/periciajudicial.zsistemas.com.br\/wp-content\/uploads\/2022\/10\/Modelo-Aceite-e-honor\u00e1rios-VE\u00cdCULOS-Internet.odt\" class=\"wp-block-file__button\" download>Download<\/a><\/div>\n\n\n\n<div class=\"wp-block-file\"><a href=\"https:\/\/periciajudicial.zsistemas.com.br\/wp-content\/uploads\/2024\/01\/Modelo-de-pedido-fundamentado-da-invers\u00e3o-do-\u00f4nus-da-prova.docx\"><strong>Modelo-de-pedido-fundamentado-da-invers\u00e3o-do-\u00f4nus-da-prova<\/strong><\/a><a href=\"https:\/\/periciajudicial.zsistemas.com.br\/wp-content\/uploads\/2024\/01\/Modelo-de-pedido-fundamentado-da-invers\u00e3o-do-\u00f4nus-da-prova.docx\" class=\"wp-block-file__button wp-element-button\" download>Baixar<\/a><\/div>\n\n\n\n<div class=\"wp-block-file\"><a href=\"https:\/\/periciajudicial.zsistemas.com.br\/wp-content\/uploads\/2024\/05\/Modelo-Aceite-e-honor\u00e1rios-AN\u00c1LISE-DE-CONTRATO-ASSINADO-DIGITALMENTE-Internet.docx\"><strong>Modelo-Aceite-e-honor\u00e1rios-AN\u00c1LISE-DE-CONTRATO-ASSINADO-DIGITALMENTE-Internet<\/strong><\/a><a href=\"https:\/\/periciajudicial.zsistemas.com.br\/wp-content\/uploads\/2024\/05\/Modelo-Aceite-e-honor\u00e1rios-AN\u00c1LISE-DE-CONTRATO-ASSINADO-DIGITALMENTE-Internet.docx\" class=\"wp-block-file__button wp-element-button\" download>Baixar<\/a><\/div>\n\n\n\n<div class=\"wp-block-file\"><a href=\"https:\/\/periciajudicial.zsistemas.com.br\/wp-content\/uploads\/2024\/09\/Apresenta\u00e7\u00e3o-de-honor\u00e1rios-de-cancelamento-de-per\u00edcia-internet.odt\"><strong>Apresenta\u00e7\u00e3o-de-honor\u00e1rios-de-cancelamento-de-per\u00edcia-internet<\/strong><\/a><a href=\"https:\/\/periciajudicial.zsistemas.com.br\/wp-content\/uploads\/2024\/09\/Apresenta\u00e7\u00e3o-de-honor\u00e1rios-de-cancelamento-de-per\u00edcia-internet.odt\" class=\"wp-block-file__button wp-element-button\" download>Baixar<\/a><\/div>\n\n\n\n<div class=\"wp-block-file\"><a href=\"https:\/\/periciajudicial.zsistemas.com.br\/wp-content\/uploads\/2024\/10\/Proposta-de-honor\u00e1rios-de-per\u00edcia-em-Agrimensusa.docx\"><strong>Proposta-de-honor\u00e1rios-de-per\u00edcia-em-Agrimensusa<\/strong><\/a><a href=\"https:\/\/periciajudicial.zsistemas.com.br\/wp-content\/uploads\/2024\/10\/Proposta-de-honor\u00e1rios-de-per\u00edcia-em-Agrimensusa.docx\" class=\"wp-block-file__button wp-element-button\" download>Baixar<\/a><\/div>\n\n\n\n<h2 class=\"wp-block-heading\">Manifesta\u00e7\u00f5es \u00e0 impugna\u00e7\u00f5es<\/h2>\n\n\n\n<div class=\"wp-block-file\"><a href=\"http:\/\/periciajudicial.zsistemas.com.br\/wp-content\/uploads\/2022\/10\/Manifesta\u00e7\u00e3o-\u00e0-impugna\u00e7\u00e3o-de-honor\u00e1rios-VEICULOS.odt\"><a href=\"http:\/\/periciajudicial.zsistemas.com.br\/wp-content\/uploads\/2022\/10\/Manifesta\u00e7\u00e3o-\u00e0-impugna\u00e7\u00e3o-de-honor\u00e1rios-VEICULOS.odt\"><strong>Manifesta\u00e7\u00e3o \u00e0 impugna\u00e7\u00e3o de honor\u00e1rios VEICULOS<\/strong><\/a><\/a><a href=\"http:\/\/periciajudicial.zsistemas.com.br\/wp-content\/uploads\/2022\/10\/Manifesta\u00e7\u00e3o-\u00e0-impugna\u00e7\u00e3o-de-honor\u00e1rios-VEICULOS.odt\" class=\"wp-block-file__button\" download>Download<\/a><\/div>\n\n\n\n<div class=\"wp-block-file\"><a href=\"https:\/\/periciajudicial.zsistemas.com.br\/wp-content\/uploads\/2022\/10\/Modelo-manifesta\u00e7\u00e3o-\u00e0-Impugna\u00e7\u00e3o-de-honor\u00e1rios-quanto-tem-paradigmas-Internet.odt\"><a href=\"https:\/\/periciajudicial.zsistemas.com.br\/wp-content\/uploads\/2022\/10\/Modelo-manifesta\u00e7\u00e3o-\u00e0-Impugna\u00e7\u00e3o-de-honor\u00e1rios-quanto-tem-paradigmas-Internet.odt\"><strong>Modelo-manifesta\u00e7\u00e3o-\u00e0-Impugna\u00e7\u00e3o-de-honor\u00e1rios-quanto-tem-paradigmas-Internet<\/strong><\/a><\/a><a href=\"https:\/\/periciajudicial.zsistemas.com.br\/wp-content\/uploads\/2022\/10\/Modelo-manifesta\u00e7\u00e3o-\u00e0-Impugna\u00e7\u00e3o-de-honor\u00e1rios-quanto-tem-paradigmas-Internet.odt\" class=\"wp-block-file__button\" download>Download<\/a><\/div>\n\n\n\n<div class=\"wp-block-file\"><a href=\"https:\/\/periciajudicial.zsistemas.com.br\/wp-content\/uploads\/2023\/10\/Modelo-pedido-de-majora\u00e7\u00e3o-de-honor\u00e1rios-pela-resolu\u00e7\u00e3o-CNJ.odt\"><strong>Modelo-pedido-de-majora\u00e7\u00e3o-de-honor\u00e1rios-pela-resolu\u00e7\u00e3o-CNJ<\/strong><\/a><a href=\"https:\/\/periciajudicial.zsistemas.com.br\/wp-content\/uploads\/2023\/10\/Modelo-pedido-de-majora\u00e7\u00e3o-de-honor\u00e1rios-pela-resolu\u00e7\u00e3o-CNJ.odt\" class=\"wp-block-file__button wp-element-button\" download>Download<\/a><\/div>\n\n\n\n<h2 class=\"wp-block-heading\">Agendamento de per\u00edcia<\/h2>\n\n\n\n<div class=\"wp-block-file\"><a href=\"https:\/\/periciajudicial.zsistemas.com.br\/wp-content\/uploads\/2022\/10\/Modelo-agendamento-da-per\u00edcia-ELETRICA-Internet.odt\"><a href=\"https:\/\/periciajudicial.zsistemas.com.br\/wp-content\/uploads\/2022\/10\/Modelo-agendamento-da-per\u00edcia-ELETRICA-Internet.odt\"><strong>Modelo-agendamento-da-per\u00edcia-ELETRICA-Internet<\/strong><\/a><\/a><a href=\"https:\/\/periciajudicial.zsistemas.com.br\/wp-content\/uploads\/2022\/10\/Modelo-agendamento-da-per\u00edcia-ELETRICA-Internet.odt\" class=\"wp-block-file__button\" download>Download<\/a><\/div>\n\n\n\n<h2 class=\"wp-block-heading\">Recusa de nomea\u00e7\u00e3o<\/h2>\n\n\n\n<div class=\"wp-block-file\"><a href=\"https:\/\/periciajudicial.zsistemas.com.br\/wp-content\/uploads\/2022\/10\/Modelo-de-escusa-por-inviabilidade-tecnico-financeira-AJG-Internet.odt\"><a href=\"https:\/\/periciajudicial.zsistemas.com.br\/wp-content\/uploads\/2022\/10\/Modelo-de-escusa-por-inviabilidade-tecnico-financeira-AJG-Internet.odt\"><strong>Modelo-de-escusa-por-inviabilidade-tecnico-financeira-AJG-Internet<\/strong><\/a><\/a><a href=\"https:\/\/periciajudicial.zsistemas.com.br\/wp-content\/uploads\/2022\/10\/Modelo-de-escusa-por-inviabilidade-tecnico-financeira-AJG-Internet.odt\" class=\"wp-block-file__button\" download>Download<\/a><\/div>\n\n\n\n<div class=\"wp-block-file\"><a href=\"http:\/\/periciajudicial.zsistemas.com.br\/wp-content\/uploads\/2023\/05\/Modelo-de-escusa-por-inviabilidade-tecnico-financeira-AJG-e-invers\u00e3o-de-\u00f4nus-medidor-energia-Internet.odt\"><a href=\"http:\/\/periciajudicial.zsistemas.com.br\/wp-content\/uploads\/2023\/05\/Modelo-de-escusa-por-inviabilidade-tecnico-financeira-AJG-e-invers\u00e3o-de-\u00f4nus-medidor-energia-Internet.odt\"><strong>Modelo-de-escusa-por-inviabilidade-tecnico-financeira-AJG-e-invers\u00e3o-de-\u00f4nus-medidor-energia-Internet<\/strong><\/a><a href=\"http:\/\/periciajudicial.zsistemas.com.br\/wp-content\/uploads\/2023\/05\/Modelo-de-escusa-por-inviabilidade-tecnico-financeira-AJG-e-invers\u00e3o-de-\u00f4nus-medidor-energia-Internet.odt\" class=\"wp-block-file__button\" download>Download<\/a><\/div>\n\n\n\n<div class=\"wp-block-file\"><a href=\"https:\/\/periciajudicial.zsistemas.com.br\/wp-content\/uploads\/2024\/03\/Modelo-de-escusa-por-inviabilidade-tecnico-financeira-CUSTEADA-PELAS-PARTES-Internet.docx\"><strong>Modelo-de-escusa-por-inviabilidade-tecnico-financeira-CUSTEADA-PELAS-PARTES-Internet<\/strong><\/a><a href=\"https:\/\/periciajudicial.zsistemas.com.br\/wp-content\/uploads\/2024\/03\/Modelo-de-escusa-por-inviabilidade-tecnico-financeira-CUSTEADA-PELAS-PARTES-Internet.docx\" class=\"wp-block-file__button wp-element-button\" download>Baixar<\/a><\/div>\n\n\n\n<h2 class=\"wp-block-heading\">Pedidos<\/h2>\n\n\n\n<div class=\"wp-block-file\"><a href=\"https:\/\/periciajudicial.zsistemas.com.br\/wp-content\/uploads\/2023\/12\/Modelo-de-pedido-de-desculpas.odt\"><strong>Modelo-de-pedido-de-desculpas<\/strong><\/a><a href=\"https:\/\/periciajudicial.zsistemas.com.br\/wp-content\/uploads\/2023\/12\/Modelo-de-pedido-de-desculpas.odt\" class=\"wp-block-file__button wp-element-button\" download>Baixar<\/a><\/div>\n\n\n\n<h2 class=\"wp-block-heading\">Outros<\/h2>\n\n\n\n<div class=\"wp-block-file\"><a href=\"http:\/\/periciajudicial.zsistemas.com.br\/wp-content\/uploads\/2023\/05\/Modelo-de-solicita\u00e7\u00e3o-de-adiantamento-honor\u00e1rios-internet.docx\"><\/a><a href=\"http:\/\/periciajudicial.zsistemas.com.br\/wp-content\/uploads\/2023\/05\/Modelo-de-solicita\u00e7\u00e3o-de-adiantamento-honor\u00e1rios-internet.docx\"><strong>Modelo-de-solicita\u00e7\u00e3o-de-adiantamento-honor\u00e1rios-internet<\/strong><\/a><a href=\"http:\/\/periciajudicial.zsistemas.com.br\/wp-content\/uploads\/2023\/05\/Modelo-de-solicita\u00e7\u00e3o-de-adiantamento-honor\u00e1rios-internet.docx\" class=\"wp-block-file__button\" download=\"\">Download<\/a><\/div>\n\n\n\n<div class=\"wp-block-file\"><a href=\"https:\/\/periciajudicial.zsistemas.com.br\/wp-content\/uploads\/2022\/10\/Modelo-solicita\u00e7\u00e3o-de-pagamento-Internet.odt\"><\/a><a href=\"https:\/\/periciajudicial.zsistemas.com.br\/wp-content\/uploads\/2022\/10\/Modelo-solicita\u00e7\u00e3o-de-pagamento-Internet.odt\"><strong>Modelo-solicita\u00e7\u00e3o-de-pagamento-Internet<\/strong><\/a><a href=\"https:\/\/periciajudicial.zsistemas.com.br\/wp-content\/uploads\/2022\/10\/Modelo-solicita\u00e7\u00e3o-de-pagamento-Internet.odt\" class=\"wp-block-file__button\" download=\"\">Download<\/a><\/div>\n\n\n\n<div class=\"wp-block-file\"><a href=\"https:\/\/periciajudicial.zsistemas.com.br\/wp-content\/uploads\/2023\/07\/Modelo-ci\u00eancia-da-intima\u00e7\u00e3o-para-conclus\u00e3o-do-laudo-pericial-e-pedido-complementar.odt\"><strong>Modelo-ci\u00eancia-da-intima\u00e7\u00e3o-para-conclus\u00e3o-do-laudo-pericial-e-pedido-complementar<\/strong><\/a><a href=\"https:\/\/periciajudicial.zsistemas.com.br\/wp-content\/uploads\/2023\/07\/Modelo-ci\u00eancia-da-intima\u00e7\u00e3o-para-conclus\u00e3o-do-laudo-pericial-e-pedido-complementar.odt\" class=\"wp-block-file__button wp-element-button\" download>Download<\/a><\/div>\n\n\n\n<div class=\"wp-block-file\"><a href=\"https:\/\/periciajudicial.zsistemas.com.br\/wp-content\/uploads\/2023\/07\/Modelo-ci\u00eancia-da-intima\u00e7\u00e3o-elabora\u00e7\u00e3o-do-roteiro-para-agendamento-de-dilig\u00eancia.odt\"><strong>Modelo-ci\u00eancia-da-intima\u00e7\u00e3o-elabora\u00e7\u00e3o-do-roteiro-para-agendamento-de-dilig\u00eancia<\/strong><\/a><a href=\"https:\/\/periciajudicial.zsistemas.com.br\/wp-content\/uploads\/2023\/07\/Modelo-ci\u00eancia-da-intima\u00e7\u00e3o-elabora\u00e7\u00e3o-do-roteiro-para-agendamento-de-dilig\u00eancia.odt\" class=\"wp-block-file__button wp-element-button\" download>Download<\/a><\/div>\n\n\n\n<div class=\"wp-block-file\"><a href=\"https:\/\/periciajudicial.zsistemas.com.br\/wp-content\/uploads\/2024\/05\/Formul\u00e1rio-de-dados-para-solicita\u00e7\u00e3o-de-alvar\u00e1-judicial-modelo-MG.pdf\"><strong>Formul\u00e1rio-de-dados-para-solicita\u00e7\u00e3o-de-alvar\u00e1-judicial-modelo-MG<\/strong><\/a><a href=\"https:\/\/periciajudicial.zsistemas.com.br\/wp-content\/uploads\/2024\/05\/Formul\u00e1rio-de-dados-para-solicita\u00e7\u00e3o-de-alvar\u00e1-judicial-modelo-MG.pdf\" class=\"wp-block-file__button wp-element-button\" download>Baixar<\/a><\/div>\n\n\n\n<div class=\"wp-block-file\"><a href=\"https:\/\/periciajudicial.zsistemas.com.br\/wp-content\/uploads\/2024\/05\/Modelo-formul\u00e1rio-de-coleta-de-assinaturas.docx\"><strong>Modelo-formul\u00e1rio-de-coleta-de-assinaturas<\/strong><\/a><a href=\"https:\/\/periciajudicial.zsistemas.com.br\/wp-content\/uploads\/2024\/05\/Modelo-formul\u00e1rio-de-coleta-de-assinaturas.docx\" class=\"wp-block-file__button wp-element-button\" download>Baixar<\/a><\/div>\n\n\n\n<div data-wp-interactive=\"core\/file\" class=\"wp-block-file\"><object data-wp-bind--hidden=\"!state.hasPdfPreview\" hidden class=\"wp-block-file__embed\" data=\"https:\/\/periciajudicial.zsistemas.com.br\/wp-content\/uploads\/2026\/03\/Roteiro-de-pericia-6-Respondidas.pdf\" type=\"application\/pdf\" style=\"width:100%;height:600px\" aria-label=\"Incorporado de Roteiro de per\u00edcia 6 - Respondidas.\"><\/object><a id=\"wp-block-file--media-00e9b4e8-b399-4a29-affd-f52fcf59fbf2\" href=\"https:\/\/periciajudicial.zsistemas.com.br\/wp-content\/uploads\/2026\/03\/Roteiro-de-pericia-6-Respondidas.pdf\">Roteiro de per\u00edcia 6 &#8211; Respondidas<\/a><a href=\"https:\/\/periciajudicial.zsistemas.com.br\/wp-content\/uploads\/2026\/03\/Roteiro-de-pericia-6-Respondidas.pdf\" class=\"wp-block-file__button wp-element-button\" download aria-describedby=\"wp-block-file--media-00e9b4e8-b399-4a29-affd-f52fcf59fbf2\">Baixar<\/a><\/div>\n","protected":false},"excerpt":{"rendered":"<p>Com intuito de auxiliar nossos colegas Peritos, estamos disponibilizando nossas pe\u00e7as periciais que variam desde propostas de honor\u00e1rios, laudos periciais, pareceres t\u00e9cnicos e outros documentos<\/p>\n","protected":false},"author":1,"featured_media":0,"parent":0,"menu_order":0,"comment_status":"closed","ping_status":"closed","template":"","meta":{"om_disable_all_campaigns":false,"_monsterinsights_skip_tracking":false,"_monsterinsights_sitenote_active":false,"_monsterinsights_sitenote_note":"","_monsterinsights_sitenote_category":0,"footnotes":""},"class_list":["post-1904","page","type-page","status-publish","hentry","comments-off"],"aioseo_notices":[],"_links":{"self":[{"href":"https:\/\/periciajudicial.zsistemas.com.br\/index.php\/wp-json\/wp\/v2\/pages\/1904","targetHints":{"allow":["GET"]}}],"collection":[{"href":"https:\/\/periciajudicial.zsistemas.com.br\/index.php\/wp-json\/wp\/v2\/pages"}],"about":[{"href":"https:\/\/periciajudicial.zsistemas.com.br\/index.php\/wp-json\/wp\/v2\/types\/page"}],"author":[{"embeddable":true,"href":"https:\/\/periciajudicial.zsistemas.com.br\/index.php\/wp-json\/wp\/v2\/users\/1"}],"replies":[{"embeddable":true,"href":"https:\/\/periciajudicial.zsistemas.com.br\/index.php\/wp-json\/wp\/v2\/comments?post=1904"}],"version-history":[{"count":41,"href":"https:\/\/periciajudicial.zsistemas.com.br\/index.php\/wp-json\/wp\/v2\/pages\/1904\/revisions"}],"predecessor-version":[{"id":5233,"href":"https:\/\/periciajudicial.zsistemas.com.br\/index.php\/wp-json\/wp\/v2\/pages\/1904\/revisions\/5233"}],"wp:attachment":[{"href":"https:\/\/periciajudicial.zsistemas.com.br\/index.php\/wp-json\/wp\/v2\/media?parent=1904"}],"curies":[{"name":"wp","href":"https:\/\/api.w.org\/{rel}","templated":true}]}}