{"id":2,"date":"2019-10-15T14:39:05","date_gmt":"2019-10-15T17:39:05","guid":{"rendered":"http:\/\/periciajudicial.zsistemas.com.br\/?page_id=2"},"modified":"2024-11-23T14:34:02","modified_gmt":"2024-11-23T17:34:02","slug":"laudos-periciais-e-pareceres-tecnicos","status":"publish","type":"page","link":"https:\/\/periciajudicial.zsistemas.com.br\/index.php\/laudos-periciais-e-pareceres-tecnicos\/","title":{"rendered":"Laudos Periciais e Pareceres T\u00e9cnicos"},"content":{"rendered":"\n<p>Uma das maiores d\u00favida de nossos alunos \u00e9 como come\u00e7ar um laudo pericial, qual a <a rel=\"noreferrer noopener\" aria-label=\"estrutura  (abre numa nova aba)\" href=\"https:\/\/periciajudicial.zsistemas.com.br\/index.php\/2020\/01\/04\/estrutura-de-um-laudo-judicial\/\" target=\"_blank\">estrutura <\/a>mais indicada, o que deve ser desenvolvido, existe um padr\u00e3o para isso, existem <a rel=\"noreferrer noopener\" aria-label=\"normas  (abre numa nova aba)\" href=\"https:\/\/periciajudicial.zsistemas.com.br\/index.php\/2020\/09\/11\/como-elaborar-um-laudo-unilateral-confirmavel\/\" target=\"_blank\">normas <\/a>regulamentando a elabora\u00e7\u00e3o de um laudo pericial ou <a href=\"https:\/\/periciajudicial.zsistemas.com.br\/index.php\/2019\/10\/15\/diferenca-perito-judicial-e-assistente-tecnico\/\" target=\"_blank\" rel=\"noreferrer noopener\" aria-label=\"parecer t\u00e9cnico (abre numa nova aba)\">parecer t\u00e9cnico<\/a>, etc. Ademais fomentar discuss\u00e3o sobre um tema com outros profissionais da \u00e1rea, isto \u00e9, receber cr\u00edticas, sugest\u00f5es, corre\u00e7\u00f5es, etc, \u00e9 uma das melhores formas de melhorar e evoluir. Com esses intuitos \u00e9 que decidimos postar aqui nossos maiores e melhores laudos e pareceres.<\/p>\n\n\n\n<p>Nessa parte disponibilizamos alguns exemplos de <strong>laudos periciais <\/strong>e <strong>pareceres t\u00e9cnicos <\/strong>do Professor ministrante do <a href=\"https:\/\/periciajudicial.zsistemas.com.br\/index.php\/2019\/10\/21\/curso-de-pericia-judicial\/\"><strong>Curso de Per\u00edcia Judicial<\/strong><\/a> <a href=\"https:\/\/periciajudicial.zsistemas.com.br\/index.php\/professor-ministrante-perito-agenor-zapparoli\/\"><strong>Agenor Zapparoli<\/strong><\/a>, com o intuito de incentivar os novos <a href=\"https:\/\/periciajudicial.zsistemas.com.br\/index.php\/2019\/10\/15\/diferenca-perito-judicial-e-assistente-tecnico\/\" target=\"_blank\" rel=\"noreferrer noopener\" aria-label=\"Peritos Judiciais e Assistentes T\u00e9cnicos (abre numa nova aba)\">Peritos Judiciais e Assistentes T\u00e9cnicos<\/a>, auxiliando-os com a apresenta\u00e7\u00e3o de um modelo e, com o intuito de fomentar a discuss\u00e3o sobre esse tema. <\/p>\n\n\n\n<p>OBS: Para garantir a seguran\u00e7a dos dados, as informa\u00e7\u00f5es sobre o processo e os sujeitos processuais foram alterados.<\/p>\n\n\n\n<h2 class=\"wp-block-heading\">Laudo pericial sobre queima de equipamentos<\/h2>\n\n\n\n<p style=\"text-align:left\" class=\"has-background has-light-gray-background-color\"><strong>Queima de equipamentos eletroeletr\u00f4nicos por oscila\u00e7\u00e3o energ\u00e9tica. Seguradora contra prestadora de energia.<\/strong><br><br><strong>Problem\u00e1tica<\/strong> <br>Nesse caso em espec\u00edfico uma <strong>SEGURADORA<\/strong>, que indenizou um <strong>SEGURADO <\/strong>por queima de equipamentos eletroeletr\u00f4nicos, alegando como causa prov\u00e1vel oscila\u00e7\u00e3o energ\u00e9tica, impetrou a\u00e7\u00e3o de regresso contra uma prestadora de energia acusando-a da responsabilidade da oscila\u00e7\u00e3o, com intuito de ser indenizada dos danos materiais suportados pela <strong>REQUERENTE<\/strong>. <br><br><strong>Conclus\u00e3o pericial<\/strong> <br>Inexist\u00eancia de ind\u00edcios contundentes que provem o real dano dos equipamentos. Sem prova da queima dos equipamentos, n\u00e3o h\u00e1 que se deliberar sobre os motivos. <br><br><strong>Perito Judicial:<\/strong> <a rel=\"noreferrer noopener\" href=\"http:\/\/agenorzapparoli.com.br\/\" target=\"_blank\"><strong>Agenor Zapparoli<\/strong><\/a><br><strong>Tamanho:<\/strong> 77 laudas <br><strong>Laudo pericial:<\/strong> <a href=\"http:\/\/periciajudicial.zsistemas.com.br\/wp-content\/uploads\/2020\/10\/Laudo-Pericial-SEGURADORA-X-PRESTADORA-DE-ENERGIA.pdf\" target=\"_blank\" rel=\"noreferrer noopener\" aria-label=\" (abre numa nova aba)\">Laudo Pericial SEGURADORA X PRESTADORA DE ENERGIA<\/a>  <\/p>\n\n\n\n<div style=\"height:50px\" aria-hidden=\"true\" class=\"wp-block-spacer\"><\/div>\n\n\n\n<h2 class=\"wp-block-heading\">Laudo pericial sobre fraude em medidor de energia<\/h2>\n\n\n\n<p class=\"has-background has-light-gray-background-color\"><strong>Alega\u00e7\u00e3o de fraude em medidor de energia, por parte da prestadora, responsabilizando o consumidor. Consumidor contra prestadora de energia.<br><\/strong><br><strong>Problem\u00e1tica<br><\/strong>Consumidor alega cobran\u00e7a indevida de multas em fatura de energia. Prestadora alega adultera\u00e7\u00e3o do medidor de energia para for\u00e7a-lo a registrar valores a menos, sendo o consumidor respons\u00e1vel pelo pagamento das faturas emitidas p\u00f3s identifica\u00e7\u00e3o da alegada fraude.<br><br><strong>Conclus\u00e3o pericial<br><\/strong>Inexist\u00eancia de ind\u00edcios contundentes que provem a fraude. <br> <br><strong>Perito Judicial:<\/strong> <a rel=\"noreferrer noopener\" href=\"http:\/\/agenorzapparoli.com.br\/\" target=\"_blank\"><strong>Agenor Zapparoli<\/strong><\/a><br><strong>Tamanho:<\/strong> 44 laudas <br><strong>Laudo pericial:<\/strong> <a rel=\"noreferrer noopener\" aria-label=\"Laudo-Pericial-CONSUMIDOR-X-PRESTADORA-DE-ENERGIA (abre numa nova aba)\" href=\"http:\/\/periciajudicial.zsistemas.com.br\/wp-content\/uploads\/2020\/10\/Laudo-Pericial-CONSUMIDOR-X-PRESTADORA-DE-ENERGIA.pdf\" target=\"_blank\">Laudo-Pericial-CONSUMIDOR-X-PRESTADORA-DE-ENERGIA<\/a><br><br><strong>Senten\u00e7a monocr\u00e1tica<br><\/strong>Em favor do laudo pericial.<br><a href=\"http:\/\/periciajudicial.zsistemas.com.br\/wp-content\/uploads\/2021\/09\/Senten\u00e7a-monocr\u00e1tica.pdf\" target=\"_blank\" rel=\"noreferrer noopener\" aria-label=\"Senten\u00e7a judicial (opens in a new tab)\">Senten\u00e7a judicial<\/a><\/p>\n\n\n\n<div style=\"height:50px\" aria-hidden=\"true\" class=\"wp-block-spacer\"><\/div>\n\n\n\n<h2 class=\"wp-block-heading\">Laudo pericial sobre v\u00edcio redibit\u00f3rio de grupo gerador &#8211; GMG<\/h2>\n\n\n\n<p class=\"has-background has-light-gray-background-color\"> <strong>Alega\u00e7\u00e3o de queima de motor do grupo motor gerador por v\u00edcio redibit\u00f3rio, responsabilizando a fabricante por falha na instala\u00e7\u00e3o e manuten\u00e7\u00e3o do GMG.<br><\/strong><br><strong>Problem\u00e1tica<br><\/strong>Alega o consumidor que adquiriu um grupo gerador da fabricante, com intuito de redu\u00e7\u00e3o de consumo de energia el\u00e9trica da prestadora, por\u00e9m o equipamento adquirido ofereceu diversos problemas e ap\u00f3s o fim da garantia, inutilizou-se por completo, tendo o consumidor que arcar com os custos de reparo, que entendia ser da fabricante por se tratar de v\u00edcio redibit\u00f3rio.<br><br><strong>Conclus\u00e3o pericial<br><\/strong>\u00c9 poss\u00edvel afirmar que inexistem ind\u00edcios de que o objeto da per\u00edcia tenha contra\u00eddo v\u00edcio redibit\u00f3rio, isto \u00e9, n\u00e3o apresentou defeito de forma oculta. Nesse diapas\u00e3o entende esse Perito que o motivo principal para o colapso do motor, partiu da inobserv\u00e2ncia e in\u00e9rcia das manuten\u00e7\u00f5es preventivas de troca de \u00f3leo e filtros, por parte do consumidor.<br> <br><strong>Perito Judicial:<\/strong> <a rel=\"noreferrer noopener\" href=\"http:\/\/agenorzapparoli.com.br\/\" target=\"_blank\"><strong>Agenor Zapparoli<\/strong><\/a><br><strong>Tamanho:<\/strong> 65 laudas <br><strong>Laudo pericial:<\/strong> <a href=\"http:\/\/periciajudicial.zsistemas.com.br\/wp-content\/uploads\/2021\/09\/Laudo-Pericial-SUPERMERCADO-x-EMPRESA-DE-GERADORES-47-site.pdf\" target=\"_blank\" rel=\"noreferrer noopener\" aria-label=\"Laudo Pericial SUPERMERCADO x EMPRESA DE GERADORES - 47 - site (opens in a new tab)\">Laudo Pericial SUPERMERCADO x EMPRESA DE GERADORES &#8211; 47 &#8211; site<\/a><\/p>\n\n\n\n<div style=\"height:50px\" aria-hidden=\"true\" class=\"wp-block-spacer\"><\/div>\n\n\n\n<h2 class=\"wp-block-heading\">Parecer t\u00e9cnico sobre v\u00edcios em Postes Solares Fotovolt\u00e1icos<\/h2>\n\n\n\n<p class=\"has-background has-light-gray-background-color\"><strong>Alega\u00e7\u00e3o de v\u00edcio construtivo em Postes Solares Fotovolt\u00e1icos por terem sua vida \u00fatil reduzida ou menor que o esperado. Basicamente deveriam perdurar com a ilumina\u00e7\u00e3o durante todo per\u00edodo noturno, por\u00e9m alguns paravam de funcionar durante a noite.<br><\/strong><br><strong>Problem\u00e1tica<br><\/strong>Alega o <strong>REQUERENTE<\/strong> que o produto entregue pela <strong>REQUERIDA<\/strong> contraiu defeito fabril, sendo contestado pela <strong>REQUERIDA<\/strong>.<br><br><strong>Conclus\u00e3o pericial<br><\/strong> Analisando todos os documentos dispon\u00edveis nos autos, levando em considera\u00e7\u00e3o o conhecimento deste <strong>Assistente T\u00e9cnico<\/strong>, \u00e0 literatura t\u00e9cnica, resolu\u00e7\u00f5es, entre outras arroladas neste Parecer T\u00e9cnico, diante da aus\u00eancia de garantia de integridade do material a examinado na per\u00edcia, do perdimento de 96% dos objetos periciais, da aus\u00eancia de embasamento t\u00e9cnico do laudo, aus\u00eancia: dos Azimutes e Z\u00eanites, vistoria de pendulariza\u00e7\u00e3o, medi\u00e7\u00e3o de corrente e tens\u00e3o, identifica\u00e7\u00e3o dos objetos periciais, de fotografias e v\u00eddeos detalhados, c\u00e1lculo de perda de carga, configura\u00e7\u00f5es e comprovante metrol\u00f3gico do term\u00f4metro, vistoria nos controladores, vistoria nas lumin\u00e1rias, captura dos registros de dados dos controladores, do erro ao condenar o dimensionamento dos controladores e baterias, do detalhamento do Assistente T\u00e9cnico comprovando o perfeito dimensionamento dos controladores e baterias, demonstrando estarem em perfeita harmonia com outros profissionais da \u00e1rea, findando na conclus\u00e3o da inexist\u00eancia de defeito de f\u00e1brica, <strong>conclui este Assistente T\u00e9cnico<\/strong> que n\u00e3o sobraram ind\u00edcios t\u00e9cnico-cient\u00edficos confi\u00e1veis que sustentem os danos alegados na inicial, resultando em uma per\u00edcia judicial erroneamente conclusiva, onde os dados e fatos apresentados corroboraram para demonstrar a incoer\u00eancia das frustradas alega\u00e7\u00f5es iniciais.<br> <br><strong>Perito Judicial:<\/strong> <a rel=\"noreferrer noopener\" href=\"http:\/\/agenorzapparoli.com.br\/\" target=\"_blank\"><strong>Agenor Zapparoli<\/strong><\/a><br><strong>Tamanho:<\/strong> 63 laudas <br><strong>Laudo pericial:<\/strong> <a href=\"http:\/\/periciajudicial.zsistemas.com.br\/wp-content\/uploads\/2022\/05\/Parecer-T\u00e9cnico-CONDOMINIO-X-FABRICA-DE-POSTES-SOLARES-27-Vers\u00e3o-Internet.pdf\" target=\"_blank\" rel=\"noreferrer noopener\" aria-label=\"Parecer-T\u00e9cnico-CONDOMINIO-X-FABRICA-DE-POSTES-SOLARES-27-Vers\u00e3o-Internet.pdf (opens in a new tab)\">Parecer-T\u00e9cnico-CONDOMINIO-X-FABRICA-DE-POSTES-SOLARES-27-Vers\u00e3o-Internet.pdf<\/a><\/p>\n\n\n\n<div style=\"height:50px\" aria-hidden=\"true\" class=\"wp-block-spacer\"><\/div>\n\n\n\n<h2 class=\"wp-block-heading\">Laudo pericial de busca e apreens\u00e3o de dados de Softwares Piratas<\/h2>\n\n\n\n<p class=\"has-background has-light-gray-background-color\"><strong>Alega\u00e7\u00e3o de uso indevido de softwares sem o devido registro.<\/strong><br><br><strong>Problem\u00e1tica<br><\/strong>Alega o <strong>REQUERENTE<\/strong> que possui ind\u00edcios sobrados de que a <strong>REQUERIDA<\/strong> utiliza in\u00fameros sofwares piratas de sua propriedade e\/ou de sua representa\u00e7\u00e3o.<br><br><strong>Conclus\u00e3o pericial<br><\/strong> Analisando todos os computadores vistoriados, levando em considera\u00e7\u00e3o o conhecimento do Perito e seus Assistentes, \u00e0 consulta de informa\u00e7\u00f5es em v\u00e1rios meios de comunica\u00e7\u00e3o, \u00e0s normas, entre outras, foi poss\u00edvel identificar a exist\u00eancia de softwares de titularidade das <strong>REQUERENTES<\/strong>. Por\u00e9m n\u00e3o pode afirmar se os softwares est\u00e3o na condi\u00e7\u00e3o de pirata, pois o que realmente define a regularidade \u00e9 a apresenta\u00e7\u00e3o dos instrumentos comprobat\u00f3rios do pacto. A equipe pericial apresentou o rol de softwares identificados, cabendo ent\u00e3o \u00e0 <strong>REQUERIDA<\/strong> provar sua licitude.  <br> <br><strong>Perito Judicial:<\/strong> <a rel=\"noreferrer noopener\" href=\"http:\/\/agenorzapparoli.com.br\/\" target=\"_blank\"><strong>Agenor Zapparoli<\/strong><\/a><br><strong>Tamanho:<\/strong> 208 laudas <br><strong>Laudo pericial:<\/strong> <a href=\"http:\/\/periciajudicial.zsistemas.com.br\/wp-content\/uploads\/2022\/10\/Laudo-Pericial-busca-e-apreens\u00e3o-de-dados-Software-Piratas-Internet.pdf\" target=\"_blank\" rel=\"noreferrer noopener\" aria-label=\"Laudo-Pericial-busca-e-apreens\u00e3o-de-dados-Software-Piratas-Internet.pdf (opens in a new tab)\">Laudo-Pericial-busca-e-apreens\u00e3o-de-dados-Software-Piratas-Internet.pdf<\/a> <\/p>\n\n\n<p><!--EndFragment--><\/p>\n\n\n<div style=\"height:50px\" aria-hidden=\"true\" class=\"wp-block-spacer\"><\/div>\n","protected":false},"excerpt":{"rendered":"<p>Uma das maiores d\u00favida de nossos alunos \u00e9 como come\u00e7ar um laudo pericial, qual a estrutura mais indicada, o que deve ser desenvolvido, existe um<\/p>\n","protected":false},"author":1,"featured_media":0,"parent":0,"menu_order":0,"comment_status":"closed","ping_status":"open","template":"","meta":{"om_disable_all_campaigns":false,"_monsterinsights_skip_tracking":false,"_monsterinsights_sitenote_active":false,"_monsterinsights_sitenote_note":"","_monsterinsights_sitenote_category":0,"footnotes":""},"class_list":["post-2","page","type-page","status-publish","hentry","comments-off"],"aioseo_notices":[],"_links":{"self":[{"href":"https:\/\/periciajudicial.zsistemas.com.br\/index.php\/wp-json\/wp\/v2\/pages\/2","targetHints":{"allow":["GET"]}}],"collection":[{"href":"https:\/\/periciajudicial.zsistemas.com.br\/index.php\/wp-json\/wp\/v2\/pages"}],"about":[{"href":"https:\/\/periciajudicial.zsistemas.com.br\/index.php\/wp-json\/wp\/v2\/types\/page"}],"author":[{"embeddable":true,"href":"https:\/\/periciajudicial.zsistemas.com.br\/index.php\/wp-json\/wp\/v2\/users\/1"}],"replies":[{"embeddable":true,"href":"https:\/\/periciajudicial.zsistemas.com.br\/index.php\/wp-json\/wp\/v2\/comments?post=2"}],"version-history":[{"count":18,"href":"https:\/\/periciajudicial.zsistemas.com.br\/index.php\/wp-json\/wp\/v2\/pages\/2\/revisions"}],"predecessor-version":[{"id":3901,"href":"https:\/\/periciajudicial.zsistemas.com.br\/index.php\/wp-json\/wp\/v2\/pages\/2\/revisions\/3901"}],"wp:attachment":[{"href":"https:\/\/periciajudicial.zsistemas.com.br\/index.php\/wp-json\/wp\/v2\/media?parent=2"}],"curies":[{"name":"wp","href":"https:\/\/api.w.org\/{rel}","templated":true}]}}